{"id":700,"date":"2025-11-24T13:20:08","date_gmt":"2025-11-24T13:20:08","guid":{"rendered":"https:\/\/seffane.com\/?page_id=700"},"modified":"2025-11-29T14:28:54","modified_gmt":"2025-11-29T14:28:54","slug":"espertises","status":"publish","type":"page","link":"https:\/\/seffane.com\/fr\/espertises\/","title":{"rendered":"Expertise"},"content":{"rendered":"\t\t<div data-elementor-type=\"wp-page\" data-elementor-id=\"700\" class=\"elementor elementor-700\">\n\t\t\t\t<div class=\"elementor-element elementor-element-f0626bd e-flex e-con-boxed e-con e-parent\" data-id=\"f0626bd\" data-element_type=\"container\" data-settings=\"{&quot;background_background&quot;:&quot;slideshow&quot;,&quot;background_slideshow_gallery&quot;:[{&quot;id&quot;:936,&quot;url&quot;:&quot;http:\\\/\\\/seffane.com\\\/wp-content\\\/uploads\\\/2025\\\/11\\\/les-personnes-travaillant-en-equipe-2.jpg&quot;}],&quot;background_slideshow_loop&quot;:&quot;yes&quot;,&quot;background_slideshow_slide_duration&quot;:5000,&quot;background_slideshow_slide_transition&quot;:&quot;fade&quot;,&quot;background_slideshow_transition_duration&quot;:500}\">\n\t\t\t\t\t<div class=\"e-con-inner\">\n\t\t\t\t<div class=\"elementor-element elementor-element-b871162 elementor-widget elementor-widget-heading\" data-id=\"b871162\" data-element_type=\"widget\" data-widget_type=\"heading.default\">\n\t\t\t\t<div class=\"elementor-widget-container\">\n\t\t\t<h2 class=\"elementor-heading-title elementor-size-default\">Expertise<\/h2>\t\t<\/div>\n\t\t\t\t<\/div>\n\t\t\t\t<div class=\"elementor-element elementor-element-f168fe1 elementor-widget__width-initial elementor-widget elementor-widget-heading\" data-id=\"f168fe1\" data-element_type=\"widget\" data-widget_type=\"heading.default\">\n\t\t\t\t<div class=\"elementor-widget-container\">\n\t\t\t<h2 class=\"elementor-heading-title elementor-size-default\">CONSEIL, D\u00c9VELOPPEMENT ET GESTION DE PROJETS IA \n<\/h2>\t\t<\/div>\n\t\t\t\t<\/div>\n\t\t\t\t\t<\/div>\n\t\t\t\t<\/div>\n\t\t<div class=\"elementor-element elementor-element-a2e25fa e-flex e-con-boxed e-con e-parent\" data-id=\"a2e25fa\" data-element_type=\"container\">\n\t\t\t\t\t<div class=\"e-con-inner\">\n\t\t<div class=\"elementor-element elementor-element-66c1e0f e-con-full e-flex e-con e-child\" data-id=\"66c1e0f\" data-element_type=\"container\">\n\t\t\t\t<div class=\"elementor-element elementor-element-2a923e3 elementor-widget elementor-widget-image\" data-id=\"2a923e3\" data-element_type=\"widget\" data-widget_type=\"image.default\">\n\t\t\t\t<div class=\"elementor-widget-container\">\n\t\t\t\t\t\t\t\t\t\t\t\t\t<img fetchpriority=\"high\" decoding=\"async\" width=\"1200\" height=\"1200\" src=\"https:\/\/seffane.com\/wp-content\/uploads\/2025\/11\/technologie-d-intelligence-de-puce-d-ia-apprentissage-en-profondeur-1200x1200.jpg\" class=\"attachment-large size-large wp-image-937\" alt=\"\" srcset=\"https:\/\/seffane.com\/wp-content\/uploads\/2025\/11\/technologie-d-intelligence-de-puce-d-ia-apprentissage-en-profondeur-1200x1200.jpg 1200w, https:\/\/seffane.com\/wp-content\/uploads\/2025\/11\/technologie-d-intelligence-de-puce-d-ia-apprentissage-en-profondeur-480x480.jpg 480w, https:\/\/seffane.com\/wp-content\/uploads\/2025\/11\/technologie-d-intelligence-de-puce-d-ia-apprentissage-en-profondeur-150x150.jpg 150w, https:\/\/seffane.com\/wp-content\/uploads\/2025\/11\/technologie-d-intelligence-de-puce-d-ia-apprentissage-en-profondeur-768x768.jpg 768w, https:\/\/seffane.com\/wp-content\/uploads\/2025\/11\/technologie-d-intelligence-de-puce-d-ia-apprentissage-en-profondeur-1536x1536.jpg 1536w, https:\/\/seffane.com\/wp-content\/uploads\/2025\/11\/technologie-d-intelligence-de-puce-d-ia-apprentissage-en-profondeur-2048x2048.jpg 2048w, https:\/\/seffane.com\/wp-content\/uploads\/2025\/11\/technologie-d-intelligence-de-puce-d-ia-apprentissage-en-profondeur-12x12.jpg 12w\" sizes=\"(max-width: 1200px) 100vw, 1200px\" \/>\t\t\t\t\t\t\t\t\t\t\t\t\t<\/div>\n\t\t\t\t<\/div>\n\t\t\t\t<\/div>\n\t\t<div class=\"elementor-element elementor-element-c4db520 e-con-full e-flex e-con e-child\" data-id=\"c4db520\" data-element_type=\"container\">\n\t\t\t\t<div class=\"elementor-element elementor-element-bb396ce elementor-widget elementor-widget-heading\" data-id=\"bb396ce\" data-element_type=\"widget\" data-widget_type=\"heading.default\">\n\t\t\t\t<div class=\"elementor-widget-container\">\n\t\t\t<h2 class=\"elementor-heading-title elementor-size-default\">Intelligence Artificielle G\u00e9n\u00e9rative\n<\/h2>\t\t<\/div>\n\t\t\t\t<\/div>\n\t\t\t\t<div class=\"elementor-element elementor-element-28086aa elementor-widget elementor-widget-heading\" data-id=\"28086aa\" data-element_type=\"widget\" data-widget_type=\"heading.default\">\n\t\t\t\t<div class=\"elementor-widget-container\">\n\t\t\t<h2 class=\"elementor-heading-title elementor-size-default\">D\u00e9veloppement d\u2019applications IA\n<\/h2>\t\t<\/div>\n\t\t\t\t<\/div>\n\t\t\t\t<div class=\"elementor-element elementor-element-fd3359f elementor-widget elementor-widget-text-editor\" data-id=\"fd3359f\" data-element_type=\"widget\" data-widget_type=\"text-editor.default\">\n\t\t\t\t<div class=\"elementor-widget-container\">\n\t\t\t\t\t\t\t<p>Nous proposons un accompagnement dans la conception et le d\u00e9veloppement d&rsquo;une solution sur mesure qui s&rsquo;int\u00e8gre \u00e0 votre stack technique et r\u00e9pond \u00e0 vos besoins op\u00e9rationnels et vos objectifs strat\u00e9giques.<\/p>\t\t\t\t\t\t<\/div>\n\t\t\t\t<\/div>\n\t\t\t\t<div class=\"elementor-element elementor-element-78e419a elementor-widget elementor-widget-heading\" data-id=\"78e419a\" data-element_type=\"widget\" data-widget_type=\"heading.default\">\n\t\t\t\t<div class=\"elementor-widget-container\">\n\t\t\t<h2 class=\"elementor-heading-title elementor-size-default\">D\u00e9veloppement d\u2019Agents IA <\/h2>\t\t<\/div>\n\t\t\t\t<\/div>\n\t\t\t\t<div class=\"elementor-element elementor-element-324c576 elementor-widget elementor-widget-text-editor\" data-id=\"324c576\" data-element_type=\"widget\" data-widget_type=\"text-editor.default\">\n\t\t\t\t<div class=\"elementor-widget-container\">\n\t\t\t\t\t\t\t<p>Nous vous aidons \u00e0 Cr\u00e9ez et d\u00e9ployez des agents IA \u00e0 grande \u00e9chelle gr\u00e2ce \u00e0 Agentforce la plateforme Salesforce de main-d&rsquo;\u0153uvre num\u00e9rique n\u00b0\u00a01 dans le monde.<\/p>\t\t\t\t\t\t<\/div>\n\t\t\t\t<\/div>\n\t\t\t\t<\/div>\n\t\t\t\t\t<\/div>\n\t\t\t\t<\/div>\n\t\t<div class=\"elementor-element elementor-element-0b3c151 e-flex e-con-boxed e-con e-parent\" data-id=\"0b3c151\" data-element_type=\"container\">\n\t\t\t\t\t<div class=\"e-con-inner\">\n\t\t<div class=\"elementor-element elementor-element-ee39e88 e-con-full e-flex e-con e-child\" data-id=\"ee39e88\" data-element_type=\"container\">\n\t\t\t\t<div class=\"elementor-element elementor-element-f5fc24f elementor-widget elementor-widget-heading\" data-id=\"f5fc24f\" data-element_type=\"widget\" data-widget_type=\"heading.default\">\n\t\t\t\t<div class=\"elementor-widget-container\">\n\t\t\t<h2 class=\"elementor-heading-title elementor-size-default\">Int\u00e9gration Cloud\n<\/h2>\t\t<\/div>\n\t\t\t\t<\/div>\n\t\t\t\t<div class=\"elementor-element elementor-element-95bc351 elementor-widget elementor-widget-heading\" data-id=\"95bc351\" data-element_type=\"widget\" data-widget_type=\"heading.default\">\n\t\t\t\t<div class=\"elementor-widget-container\">\n\t\t\t<h2 class=\"elementor-heading-title elementor-size-default\">Cloud &amp; APIs d'IA g\u00e9n\u00e9rative<\/h2>\t\t<\/div>\n\t\t\t\t<\/div>\n\t\t\t\t<div class=\"elementor-element elementor-element-577c146 elementor-widget elementor-widget-text-editor\" data-id=\"577c146\" data-element_type=\"widget\" data-widget_type=\"text-editor.default\">\n\t\t\t\t<div class=\"elementor-widget-container\">\n\t\t\t\t\t\t\t<p>Nous cr\u00e9ons des solutions cloud natives et \u00e9volutives gr\u00e2ce \u00e0\u00a0 des APIs pr\u00eates \u00e0 l&#8217;emploi, sans besoin de mod\u00e8les propri\u00e9taires<\/p>\t\t\t\t\t\t<\/div>\n\t\t\t\t<\/div>\n\t\t\t\t<\/div>\n\t\t\t\t<div class=\"elementor-element elementor-element-6793b74 elementor-widget__width-initial elementor-widget elementor-widget-image\" data-id=\"6793b74\" data-element_type=\"widget\" data-widget_type=\"image.default\">\n\t\t\t\t<div class=\"elementor-widget-container\">\n\t\t\t\t\t\t\t\t\t\t\t\t\t<img decoding=\"async\" width=\"593\" height=\"328\" src=\"https:\/\/seffane.com\/wp-content\/uploads\/2025\/11\/Capture-decran-2025-11-29-152718.png\" class=\"attachment-large size-large wp-image-949\" alt=\"\" srcset=\"https:\/\/seffane.com\/wp-content\/uploads\/2025\/11\/Capture-decran-2025-11-29-152718.png 593w, https:\/\/seffane.com\/wp-content\/uploads\/2025\/11\/Capture-decran-2025-11-29-152718-480x265.png 480w, https:\/\/seffane.com\/wp-content\/uploads\/2025\/11\/Capture-decran-2025-11-29-152718-18x10.png 18w\" sizes=\"(max-width: 593px) 100vw, 593px\" \/>\t\t\t\t\t\t\t\t\t\t\t\t\t<\/div>\n\t\t\t\t<\/div>\n\t\t\t\t\t<\/div>\n\t\t\t\t<\/div>\n\t\t<div class=\"elementor-element elementor-element-039c60c e-flex e-con-boxed e-con e-parent\" data-id=\"039c60c\" data-element_type=\"container\">\n\t\t\t\t\t<div class=\"e-con-inner\">\n\t\t<div class=\"elementor-element elementor-element-8c62e8b e-con-full e-flex e-con e-child\" data-id=\"8c62e8b\" data-element_type=\"container\">\n\t\t\t\t<div class=\"elementor-element elementor-element-f42940f elementor-widget elementor-widget-image\" data-id=\"f42940f\" data-element_type=\"widget\" data-widget_type=\"image.default\">\n\t\t\t\t<div class=\"elementor-widget-container\">\n\t\t\t\t\t\t\t\t\t\t\t\t\t<img decoding=\"async\" width=\"1200\" height=\"686\" src=\"https:\/\/seffane.com\/wp-content\/uploads\/2025\/11\/DALL\u00b7E-2025-11-28-12.29.06-A-wide-modern-office-scene-featuring-a-minimalist-desk-and-ergonomic-chair-in-a-futuristic-workspace.-A-large-holographic-interface-floats-above-the--1200x686.webp\" class=\"attachment-large size-large wp-image-878\" alt=\"\" srcset=\"https:\/\/seffane.com\/wp-content\/uploads\/2025\/11\/DALL\u00b7E-2025-11-28-12.29.06-A-wide-modern-office-scene-featuring-a-minimalist-desk-and-ergonomic-chair-in-a-futuristic-workspace.-A-large-holographic-interface-floats-above-the--1200x686.webp 1200w, https:\/\/seffane.com\/wp-content\/uploads\/2025\/11\/DALL\u00b7E-2025-11-28-12.29.06-A-wide-modern-office-scene-featuring-a-minimalist-desk-and-ergonomic-chair-in-a-futuristic-workspace.-A-large-holographic-interface-floats-above-the--480x274.webp 480w, https:\/\/seffane.com\/wp-content\/uploads\/2025\/11\/DALL\u00b7E-2025-11-28-12.29.06-A-wide-modern-office-scene-featuring-a-minimalist-desk-and-ergonomic-chair-in-a-futuristic-workspace.-A-large-holographic-interface-floats-above-the--768x439.webp 768w, https:\/\/seffane.com\/wp-content\/uploads\/2025\/11\/DALL\u00b7E-2025-11-28-12.29.06-A-wide-modern-office-scene-featuring-a-minimalist-desk-and-ergonomic-chair-in-a-futuristic-workspace.-A-large-holographic-interface-floats-above-the--1536x878.webp 1536w, https:\/\/seffane.com\/wp-content\/uploads\/2025\/11\/DALL\u00b7E-2025-11-28-12.29.06-A-wide-modern-office-scene-featuring-a-minimalist-desk-and-ergonomic-chair-in-a-futuristic-workspace.-A-large-holographic-interface-floats-above-the--18x10.webp 18w, https:\/\/seffane.com\/wp-content\/uploads\/2025\/11\/DALL\u00b7E-2025-11-28-12.29.06-A-wide-modern-office-scene-featuring-a-minimalist-desk-and-ergonomic-chair-in-a-futuristic-workspace.-A-large-holographic-interface-floats-above-the-.webp 1792w\" sizes=\"(max-width: 1200px) 100vw, 1200px\" \/>\t\t\t\t\t\t\t\t\t\t\t\t\t<\/div>\n\t\t\t\t<\/div>\n\t\t\t\t<\/div>\n\t\t<div class=\"elementor-element elementor-element-7b53d80 e-con-full e-flex e-con e-child\" data-id=\"7b53d80\" data-element_type=\"container\">\n\t\t\t\t<div class=\"elementor-element elementor-element-63a7f3d elementor-widget elementor-widget-heading\" data-id=\"63a7f3d\" data-element_type=\"widget\" data-widget_type=\"heading.default\">\n\t\t\t\t<div class=\"elementor-widget-container\">\n\t\t\t<h2 class=\"elementor-heading-title elementor-size-default\">Technologies Open Source\n<\/h2>\t\t<\/div>\n\t\t\t\t<\/div>\n\t\t\t\t<div class=\"elementor-element elementor-element-3a20564 elementor-widget elementor-widget-heading\" data-id=\"3a20564\" data-element_type=\"widget\" data-widget_type=\"heading.default\">\n\t\t\t\t<div class=\"elementor-widget-container\">\n\t\t\t<h2 class=\"elementor-heading-title elementor-size-default\">Outils low-code\/no-code<\/h2>\t\t<\/div>\n\t\t\t\t<\/div>\n\t\t\t\t<div class=\"elementor-element elementor-element-07118ab elementor-widget elementor-widget-text-editor\" data-id=\"07118ab\" data-element_type=\"widget\" data-widget_type=\"text-editor.default\">\n\t\t\t\t<div class=\"elementor-widget-container\">\n\t\t\t\t\t\t\t<p>Nous vous permettons d&rsquo;acc\u00e9l\u00e9rer le d\u00e9veloppement de produits avec des plateformes conviviales qui n\u00e9cessitent peu de code.<\/p>\t\t\t\t\t\t<\/div>\n\t\t\t\t<\/div>\n\t\t\t\t<div class=\"elementor-element elementor-element-9850194 elementor-widget elementor-widget-heading\" data-id=\"9850194\" data-element_type=\"widget\" data-widget_type=\"heading.default\">\n\t\t\t\t<div class=\"elementor-widget-container\">\n\t\t\t<h2 class=\"elementor-heading-title elementor-size-default\">Mod\u00e8les IA open-source \n<\/h2>\t\t<\/div>\n\t\t\t\t<\/div>\n\t\t\t\t<div class=\"elementor-element elementor-element-725edbd elementor-widget elementor-widget-text-editor\" data-id=\"725edbd\" data-element_type=\"widget\" data-widget_type=\"text-editor.default\">\n\t\t\t\t<div class=\"elementor-widget-container\">\n\t\t\t\t\t\t\t<p>Notre veille sur les solutions open-source nous permet d\u2019offrir\u00a0 des options de d\u00e9ploiement flexibles et s\u00e9curis\u00e9es adapt\u00e9es aux besoins de nos clients.<\/p>\t\t\t\t\t\t<\/div>\n\t\t\t\t<\/div>\n\t\t\t\t<\/div>\n\t\t\t\t\t<\/div>\n\t\t\t\t<\/div>\n\t\t\t\t<\/div>\n\t\t","protected":false},"excerpt":{"rendered":"<p>Expertise CONSEIL, D\u00c9VELOPPEMENT ET GESTION DE PROJETS IA Intelligence Artificielle G\u00e9n\u00e9rative D\u00e9veloppement d\u2019applications IA Nous proposons un accompagnement dans la [&hellip;]<\/p>\n","protected":false},"author":1,"featured_media":0,"parent":0,"menu_order":0,"comment_status":"closed","ping_status":"closed","template":"","meta":{"_uag_custom_page_level_css":"","site-sidebar-layout":"no-sidebar","site-content-layout":"","ast-site-content-layout":"full-width-container","site-content-style":"default","site-sidebar-style":"default","ast-global-header-display":"","ast-banner-title-visibility":"","ast-main-header-display":"","ast-hfb-above-header-display":"","ast-hfb-below-header-display":"","ast-hfb-mobile-header-display":"","site-post-title":"disabled","ast-breadcrumbs-content":"","ast-featured-img":"disabled","footer-sml-layout":"","theme-transparent-header-meta":"","adv-header-id-meta":"","stick-header-meta":"","header-above-stick-meta":"","header-main-stick-meta":"","header-below-stick-meta":"","astra-migrate-meta-layouts":"default","ast-page-background-enabled":"default","ast-page-background-meta":{"desktop":{"background-color":"var(--ast-global-color-5)","background-image":"","background-repeat":"repeat","background-position":"center center","background-size":"auto","background-attachment":"scroll","background-type":"","background-media":"","overlay-type":"","overlay-color":"","overlay-opacity":"","overlay-gradient":""},"tablet":{"background-color":"","background-image":"","background-repeat":"repeat","background-position":"center center","background-size":"auto","background-attachment":"scroll","background-type":"","background-media":"","overlay-type":"","overlay-color":"","overlay-opacity":"","overlay-gradient":""},"mobile":{"background-color":"","background-image":"","background-repeat":"repeat","background-position":"center center","background-size":"auto","background-attachment":"scroll","background-type":"","background-media":"","overlay-type":"","overlay-color":"","overlay-opacity":"","overlay-gradient":""}},"ast-content-background-meta":{"desktop":{"background-color":"var(--ast-global-color-4)","background-image":"","background-repeat":"repeat","background-position":"center center","background-size":"auto","background-attachment":"scroll","background-type":"","background-media":"","overlay-type":"","overlay-color":"","overlay-opacity":"","overlay-gradient":""},"tablet":{"background-color":"var(--ast-global-color-4)","background-image":"","background-repeat":"repeat","background-position":"center center","background-size":"auto","background-attachment":"scroll","background-type":"","background-media":"","overlay-type":"","overlay-color":"","overlay-opacity":"","overlay-gradient":""},"mobile":{"background-color":"var(--ast-global-color-4)","background-image":"","background-repeat":"repeat","background-position":"center center","background-size":"auto","background-attachment":"scroll","background-type":"","background-media":"","overlay-type":"","overlay-color":"","overlay-opacity":"","overlay-gradient":""}},"footnotes":""},"class_list":["post-700","page","type-page","status-publish","hentry"],"uagb_featured_image_src":{"full":false,"thumbnail":false,"medium":false,"medium_large":false,"large":false,"1536x1536":false,"2048x2048":false,"trp-custom-language-flag":false},"uagb_author_info":{"display_name":"seffane","author_link":"https:\/\/seffane.com\/fr\/author\/seffane\/"},"uagb_comment_info":0,"uagb_excerpt":"Expertise CONSEIL, D\u00c9VELOPPEMENT ET GESTION DE PROJETS IA Intelligence Artificielle G\u00e9n\u00e9rative D\u00e9veloppement d\u2019applications IA Nous proposons un accompagnement dans la [&hellip;]","_links":{"self":[{"href":"https:\/\/seffane.com\/fr\/wp-json\/wp\/v2\/pages\/700"}],"collection":[{"href":"https:\/\/seffane.com\/fr\/wp-json\/wp\/v2\/pages"}],"about":[{"href":"https:\/\/seffane.com\/fr\/wp-json\/wp\/v2\/types\/page"}],"author":[{"embeddable":true,"href":"https:\/\/seffane.com\/fr\/wp-json\/wp\/v2\/users\/1"}],"replies":[{"embeddable":true,"href":"https:\/\/seffane.com\/fr\/wp-json\/wp\/v2\/comments?post=700"}],"version-history":[{"count":33,"href":"https:\/\/seffane.com\/fr\/wp-json\/wp\/v2\/pages\/700\/revisions"}],"predecessor-version":[{"id":952,"href":"https:\/\/seffane.com\/fr\/wp-json\/wp\/v2\/pages\/700\/revisions\/952"}],"wp:attachment":[{"href":"https:\/\/seffane.com\/fr\/wp-json\/wp\/v2\/media?parent=700"}],"curies":[{"name":"wp","href":"https:\/\/api.w.org\/{rel}","templated":true}]}}