{"id":697,"date":"2025-11-24T13:19:30","date_gmt":"2025-11-24T13:19:30","guid":{"rendered":"https:\/\/seffane.com\/?page_id=697"},"modified":"2025-11-28T11:36:29","modified_gmt":"2025-11-28T11:36:29","slug":"solutions","status":"publish","type":"page","link":"https:\/\/seffane.com\/fr\/solutions\/","title":{"rendered":"Nos Solutions"},"content":{"rendered":"\n<div class=\"wp-block-cover alignfull\"><span aria-hidden=\"true\" class=\"wp-block-cover__background has-background-dim\" style=\"background-color:#0b2c0d\"><\/span><img fetchpriority=\"high\" decoding=\"async\" width=\"1792\" height=\"1024\" class=\"wp-block-cover__image-background wp-image-878\" alt=\"\" src=\"https:\/\/seffane.com\/wp-content\/uploads\/2025\/11\/DALL\u00b7E-2025-11-28-12.29.06-A-wide-modern-office-scene-featuring-a-minimalist-desk-and-ergonomic-chair-in-a-futuristic-workspace.-A-large-holographic-interface-floats-above-the-.webp\" data-object-fit=\"cover\" srcset=\"https:\/\/seffane.com\/wp-content\/uploads\/2025\/11\/DALL\u00b7E-2025-11-28-12.29.06-A-wide-modern-office-scene-featuring-a-minimalist-desk-and-ergonomic-chair-in-a-futuristic-workspace.-A-large-holographic-interface-floats-above-the-.webp 1792w, https:\/\/seffane.com\/wp-content\/uploads\/2025\/11\/DALL\u00b7E-2025-11-28-12.29.06-A-wide-modern-office-scene-featuring-a-minimalist-desk-and-ergonomic-chair-in-a-futuristic-workspace.-A-large-holographic-interface-floats-above-the--480x274.webp 480w, https:\/\/seffane.com\/wp-content\/uploads\/2025\/11\/DALL\u00b7E-2025-11-28-12.29.06-A-wide-modern-office-scene-featuring-a-minimalist-desk-and-ergonomic-chair-in-a-futuristic-workspace.-A-large-holographic-interface-floats-above-the--1200x686.webp 1200w, https:\/\/seffane.com\/wp-content\/uploads\/2025\/11\/DALL\u00b7E-2025-11-28-12.29.06-A-wide-modern-office-scene-featuring-a-minimalist-desk-and-ergonomic-chair-in-a-futuristic-workspace.-A-large-holographic-interface-floats-above-the--768x439.webp 768w, https:\/\/seffane.com\/wp-content\/uploads\/2025\/11\/DALL\u00b7E-2025-11-28-12.29.06-A-wide-modern-office-scene-featuring-a-minimalist-desk-and-ergonomic-chair-in-a-futuristic-workspace.-A-large-holographic-interface-floats-above-the--1536x878.webp 1536w, https:\/\/seffane.com\/wp-content\/uploads\/2025\/11\/DALL\u00b7E-2025-11-28-12.29.06-A-wide-modern-office-scene-featuring-a-minimalist-desk-and-ergonomic-chair-in-a-futuristic-workspace.-A-large-holographic-interface-floats-above-the--18x10.webp 18w\" sizes=\"(max-width: 1792px) 100vw, 1792px\" \/><div class=\"wp-block-cover__inner-container is-layout-constrained wp-block-cover-is-layout-constrained\">\n<h1 class=\"wp-block-heading has-text-align-center has-ast-global-color-4-color has-text-color has-link-color has-large-font-size wp-elements-59f8087590bd055c0eb8d0eed28ca104\">No solutions<\/h1>\n\n\n\n<h2 class=\"wp-block-heading has-text-align-center has-ast-global-color-4-color has-text-color has-link-color wp-elements-50263963ef4004e07dd82da39d6db371\">Rendre l&rsquo;IA accessible : nous b\u00e2tissons la technologie qui s&rsquo;int\u00e8gre parfaitement \u00e0 vos processus.<\/h2>\n<\/div><\/div>\n\n\n\n<div class=\"wp-block-group is-layout-constrained wp-block-group-is-layout-constrained\">\n<h1 class=\"wp-block-heading has-text-align-center\">Passisto Enterprise : La Plateforme Ultime pour l&rsquo;Efficacit\u00e9 Num\u00e9rique.<\/h1>\n\n\n\n<p class=\"has-text-align-center\">Unifiez votre Syst\u00e8me d&rsquo;Information (SI) et int\u00e9grez des outils IA puissants (Recrutement, Automation, Centralisation) dans une seule plateforme pr\u00eate \u00e0 l&#8217;emploi.<\/p>\n\n\n\n<div class=\"wp-block-buttons alignwide is-content-justification-center is-layout-flex wp-container-core-buttons-is-layout-1 wp-block-buttons-is-layout-flex\">\n<div class=\"wp-block-button\"><a class=\"wp-block-button__link wp-element-button\" href=\"https:\/\/seffane.com\/nous-contactez\/\">Demander une DEMO gratuite<\/a><\/div>\n<\/div>\n\n\n\n<figure class=\"wp-block-image size-large\"><a href=\"http:\/\/seffane.com\/wp-content\/uploads\/2025\/11\/Entreprise-1.png\"><img decoding=\"async\" width=\"1200\" height=\"639\" src=\"http:\/\/seffane.com\/wp-content\/uploads\/2025\/11\/Entreprise-1-1200x639.png\" alt=\"\" class=\"wp-image-845\" srcset=\"https:\/\/seffane.com\/wp-content\/uploads\/2025\/11\/Entreprise-1-1200x639.png 1200w, https:\/\/seffane.com\/wp-content\/uploads\/2025\/11\/Entreprise-1-480x256.png 480w, https:\/\/seffane.com\/wp-content\/uploads\/2025\/11\/Entreprise-1-768x409.png 768w, https:\/\/seffane.com\/wp-content\/uploads\/2025\/11\/Entreprise-1-1536x818.png 1536w, https:\/\/seffane.com\/wp-content\/uploads\/2025\/11\/Entreprise-1-18x10.png 18w, https:\/\/seffane.com\/wp-content\/uploads\/2025\/11\/Entreprise-1.png 1920w\" sizes=\"(max-width: 1200px) 100vw, 1200px\" \/><\/a><\/figure>\n<\/div>\n\n\n\n<div class=\"wp-block-columns is-layout-flex wp-container-core-columns-is-layout-3 wp-block-columns-is-layout-flex\">\n<div class=\"wp-block-column is-layout-flow wp-block-column-is-layout-flow\">\n<div class=\"wp-block-columns is-layout-flex wp-container-core-columns-is-layout-1 wp-block-columns-is-layout-flex\">\n<div class=\"wp-block-column is-layout-flow wp-block-column-is-layout-flow\">\n<figure class=\"wp-block-image aligncenter size-full is-resized\"><img decoding=\"async\" width=\"1024\" height=\"1024\" src=\"http:\/\/seffane.com\/wp-content\/uploads\/2025\/11\/ChatGPT-Image-Nov-27-2025-06_02_00-PM.png\" alt=\"\" class=\"wp-image-863\" style=\"width:49px;height:auto\" srcset=\"https:\/\/seffane.com\/wp-content\/uploads\/2025\/11\/ChatGPT-Image-Nov-27-2025-06_02_00-PM.png 1024w, https:\/\/seffane.com\/wp-content\/uploads\/2025\/11\/ChatGPT-Image-Nov-27-2025-06_02_00-PM-480x480.png 480w, https:\/\/seffane.com\/wp-content\/uploads\/2025\/11\/ChatGPT-Image-Nov-27-2025-06_02_00-PM-150x150.png 150w, https:\/\/seffane.com\/wp-content\/uploads\/2025\/11\/ChatGPT-Image-Nov-27-2025-06_02_00-PM-768x768.png 768w, https:\/\/seffane.com\/wp-content\/uploads\/2025\/11\/ChatGPT-Image-Nov-27-2025-06_02_00-PM-12x12.png 12w\" sizes=\"(max-width: 1024px) 100vw, 1024px\" \/><\/figure>\n\n\n\n<h2 class=\"wp-block-heading\">Hiring system<\/h2>\n\n\n\n<p>Optimisation compl\u00e8te du processus de recrutement par des Agents IA pour un matching candidat plus pertinent et fiable.<\/p>\n<\/div>\n\n\n\n<div class=\"wp-block-column is-layout-flow wp-block-column-is-layout-flow\">\n<figure class=\"wp-block-image aligncenter size-full is-resized\"><img loading=\"lazy\" decoding=\"async\" width=\"1024\" height=\"1024\" src=\"http:\/\/seffane.com\/wp-content\/uploads\/2025\/11\/ChatGPT-Image-Nov-27-2025-06_00_33-PM.png\" alt=\"\" class=\"wp-image-862\" style=\"width:49px;height:auto\" srcset=\"https:\/\/seffane.com\/wp-content\/uploads\/2025\/11\/ChatGPT-Image-Nov-27-2025-06_00_33-PM.png 1024w, https:\/\/seffane.com\/wp-content\/uploads\/2025\/11\/ChatGPT-Image-Nov-27-2025-06_00_33-PM-480x480.png 480w, https:\/\/seffane.com\/wp-content\/uploads\/2025\/11\/ChatGPT-Image-Nov-27-2025-06_00_33-PM-150x150.png 150w, https:\/\/seffane.com\/wp-content\/uploads\/2025\/11\/ChatGPT-Image-Nov-27-2025-06_00_33-PM-768x768.png 768w, https:\/\/seffane.com\/wp-content\/uploads\/2025\/11\/ChatGPT-Image-Nov-27-2025-06_00_33-PM-12x12.png 12w\" sizes=\"(max-width: 1024px) 100vw, 1024px\" \/><\/figure>\n\n\n\n<h2 class=\"wp-block-heading has-text-align-center\">Centralisation d&rsquo;Info<\/h2>\n\n\n\n<p>Acc\u00e8s facile et rapide \u00e0 toutes les informations de l&rsquo;entreprise. Votre base de connaissances unifi\u00e9e et instantan\u00e9e.<\/p>\n<\/div>\n<\/div>\n<\/div>\n\n\n\n<div class=\"wp-block-column is-layout-flow wp-block-column-is-layout-flow\">\n<div class=\"wp-block-columns is-layout-flex wp-container-core-columns-is-layout-2 wp-block-columns-is-layout-flex\">\n<div class=\"wp-block-column is-layout-flow wp-block-column-is-layout-flow\">\n<figure class=\"wp-block-image aligncenter size-full is-resized\"><img loading=\"lazy\" decoding=\"async\" width=\"1024\" height=\"1024\" src=\"http:\/\/seffane.com\/wp-content\/uploads\/2025\/11\/ChatGPT-Image-Nov-27-2025-06_00_38-PM.png\" alt=\"\" class=\"wp-image-865\" style=\"width:49px;height:auto\" srcset=\"https:\/\/seffane.com\/wp-content\/uploads\/2025\/11\/ChatGPT-Image-Nov-27-2025-06_00_38-PM.png 1024w, https:\/\/seffane.com\/wp-content\/uploads\/2025\/11\/ChatGPT-Image-Nov-27-2025-06_00_38-PM-480x480.png 480w, https:\/\/seffane.com\/wp-content\/uploads\/2025\/11\/ChatGPT-Image-Nov-27-2025-06_00_38-PM-150x150.png 150w, https:\/\/seffane.com\/wp-content\/uploads\/2025\/11\/ChatGPT-Image-Nov-27-2025-06_00_38-PM-768x768.png 768w, https:\/\/seffane.com\/wp-content\/uploads\/2025\/11\/ChatGPT-Image-Nov-27-2025-06_00_38-PM-12x12.png 12w\" sizes=\"(max-width: 1024px) 100vw, 1024px\" \/><\/figure>\n\n\n\n<h2 class=\"wp-block-heading has-text-align-center\">Email builder<\/h2>\n\n\n\n<p class=\"has-text-align-center\">Cr\u00e9ation intuitive et rapide de vos campagnes et communications par email, int\u00e9gr\u00e9e \u00e0 vos donn\u00e9es centralis\u00e9es.<\/p>\n<\/div>\n\n\n\n<div class=\"wp-block-column is-layout-flow wp-block-column-is-layout-flow\">\n<figure class=\"wp-block-image aligncenter size-full is-resized\"><img loading=\"lazy\" decoding=\"async\" width=\"1024\" height=\"1024\" src=\"http:\/\/seffane.com\/wp-content\/uploads\/2025\/11\/ChatGPT-Image-Nov-27-2025-06_02_16-PM.png\" alt=\"\" class=\"wp-image-864\" style=\"width:49px;height:auto\" srcset=\"https:\/\/seffane.com\/wp-content\/uploads\/2025\/11\/ChatGPT-Image-Nov-27-2025-06_02_16-PM.png 1024w, https:\/\/seffane.com\/wp-content\/uploads\/2025\/11\/ChatGPT-Image-Nov-27-2025-06_02_16-PM-480x480.png 480w, https:\/\/seffane.com\/wp-content\/uploads\/2025\/11\/ChatGPT-Image-Nov-27-2025-06_02_16-PM-150x150.png 150w, https:\/\/seffane.com\/wp-content\/uploads\/2025\/11\/ChatGPT-Image-Nov-27-2025-06_02_16-PM-768x768.png 768w, https:\/\/seffane.com\/wp-content\/uploads\/2025\/11\/ChatGPT-Image-Nov-27-2025-06_02_16-PM-12x12.png 12w\" sizes=\"(max-width: 1024px) 100vw, 1024px\" \/><\/figure>\n\n\n\n<h2 class=\"wp-block-heading has-text-align-center\">Form Builder<\/h2>\n\n\n\n<p>Cr\u00e9ez des formulaires dynamiques pour la collecte de donn\u00e9es, les sondages et les interactions client\/employ\u00e9, sans coder.<\/p>\n<\/div>\n<\/div>\n<\/div>\n<\/div>\n\n\n\n<div class=\"wp-block-columns is-layout-flex wp-container-core-columns-is-layout-4 wp-block-columns-is-layout-flex\">\n<div class=\"wp-block-column is-layout-flow wp-block-column-is-layout-flow\">\n<div class=\"wp-block-group is-vertical is-layout-flex wp-container-core-group-is-layout-2 wp-block-group-is-layout-flex\">\n<h2 class=\"wp-block-heading\"><strong>Le Hiring System Passisto : L&rsquo;IA au Service des RH.<\/strong><\/h2>\n\n\n\n<p>L&rsquo;IA g\u00e8re l&rsquo;analyse, le tri et le matching. Concentrez-vous sur les entretiens. Gagnez du temps, r\u00e9duisez les erreurs et augmentez la qualit\u00e9 de vos nouvelles recrues.<\/p>\n\n\n\n<div class=\"wp-block-buttons is-layout-flex wp-block-buttons-is-layout-flex\">\n<div class=\"wp-block-button\"><a class=\"wp-block-button__link wp-element-button\" href=\"https:\/\/www.passisto.com\/fr\/ai-agents\/interview-agent\">Decouvrir le Hiring system<\/a><\/div>\n<\/div>\n<\/div>\n<\/div>\n\n\n\n<div class=\"wp-block-column is-layout-flow wp-block-column-is-layout-flow\">\n<figure class=\"wp-block-image size-large\"><a href=\"https:\/\/seffane.com\/wp-content\/uploads\/2025\/11\/Hiring-1.png\"><img loading=\"lazy\" decoding=\"async\" width=\"1200\" height=\"634\" src=\"https:\/\/seffane.com\/wp-content\/uploads\/2025\/11\/Hiring-1-1200x634.png\" alt=\"\" class=\"wp-image-855\" srcset=\"https:\/\/seffane.com\/wp-content\/uploads\/2025\/11\/Hiring-1-1200x634.png 1200w, https:\/\/seffane.com\/wp-content\/uploads\/2025\/11\/Hiring-1-480x254.png 480w, https:\/\/seffane.com\/wp-content\/uploads\/2025\/11\/Hiring-1-768x406.png 768w, https:\/\/seffane.com\/wp-content\/uploads\/2025\/11\/Hiring-1-1536x812.png 1536w, https:\/\/seffane.com\/wp-content\/uploads\/2025\/11\/Hiring-1-18x10.png 18w, https:\/\/seffane.com\/wp-content\/uploads\/2025\/11\/Hiring-1.png 1920w\" sizes=\"(max-width: 1200px) 100vw, 1200px\" \/><\/a><\/figure>\n<\/div>\n<\/div>\n\n\n\n<div class=\"wp-block-columns is-layout-flex wp-container-core-columns-is-layout-5 wp-block-columns-is-layout-flex\">\n<div class=\"wp-block-column is-layout-flow wp-block-column-is-layout-flow\">\n<figure class=\"wp-block-image aligncenter size-large is-resized\"><a href=\"http:\/\/seffane.com\/wp-content\/uploads\/2025\/11\/un-travailleur-du-centre-d-appels-utilise-la-technologie-d-intelligence-artificielle-sur-un-ordinateur-portable-pour-repondre-aux-clients-en-gros-plan-scaled.jpg\"><img loading=\"lazy\" decoding=\"async\" width=\"1200\" height=\"800\" src=\"http:\/\/seffane.com\/wp-content\/uploads\/2025\/11\/un-travailleur-du-centre-d-appels-utilise-la-technologie-d-intelligence-artificielle-sur-un-ordinateur-portable-pour-repondre-aux-clients-en-gros-plan-1200x800.jpg\" alt=\"\" class=\"wp-image-715\" style=\"width:465px;height:auto\" srcset=\"https:\/\/seffane.com\/wp-content\/uploads\/2025\/11\/un-travailleur-du-centre-d-appels-utilise-la-technologie-d-intelligence-artificielle-sur-un-ordinateur-portable-pour-repondre-aux-clients-en-gros-plan-1200x800.jpg 1200w, https:\/\/seffane.com\/wp-content\/uploads\/2025\/11\/un-travailleur-du-centre-d-appels-utilise-la-technologie-d-intelligence-artificielle-sur-un-ordinateur-portable-pour-repondre-aux-clients-en-gros-plan-480x320.jpg 480w, https:\/\/seffane.com\/wp-content\/uploads\/2025\/11\/un-travailleur-du-centre-d-appels-utilise-la-technologie-d-intelligence-artificielle-sur-un-ordinateur-portable-pour-repondre-aux-clients-en-gros-plan-768x512.jpg 768w, https:\/\/seffane.com\/wp-content\/uploads\/2025\/11\/un-travailleur-du-centre-d-appels-utilise-la-technologie-d-intelligence-artificielle-sur-un-ordinateur-portable-pour-repondre-aux-clients-en-gros-plan-1536x1024.jpg 1536w, https:\/\/seffane.com\/wp-content\/uploads\/2025\/11\/un-travailleur-du-centre-d-appels-utilise-la-technologie-d-intelligence-artificielle-sur-un-ordinateur-portable-pour-repondre-aux-clients-en-gros-plan-2048x1365.jpg 2048w, https:\/\/seffane.com\/wp-content\/uploads\/2025\/11\/un-travailleur-du-centre-d-appels-utilise-la-technologie-d-intelligence-artificielle-sur-un-ordinateur-portable-pour-repondre-aux-clients-en-gros-plan-18x12.jpg 18w\" sizes=\"(max-width: 1200px) 100vw, 1200px\" \/><\/a><\/figure>\n<\/div>\n\n\n\n<div class=\"wp-block-column is-layout-flow wp-block-column-is-layout-flow\">\n<div class=\"wp-block-group is-vertical is-layout-flex wp-container-core-group-is-layout-3 wp-block-group-is-layout-flex\">\n<h2 class=\"wp-block-heading\"><strong>Information Centralis\u00e9e, D\u00e9cisions Acc\u00e9l\u00e9r\u00e9es.<\/strong><\/h2>\n\n\n\n<p>Au-del\u00e0 du simple stockage, Passisto organise vos donn\u00e9es pour que l&rsquo;information soit accessible en quelques clics. Fini le silo de donn\u00e9es ; place \u00e0 la r\u00e9activit\u00e9.<\/p>\n\n\n\n<div class=\"wp-block-buttons is-layout-flex wp-block-buttons-is-layout-flex\">\n<div class=\"wp-block-button\"><a class=\"wp-block-button__link wp-element-button\" href=\"https:\/\/www.passisto.com\/fr\">Decouvrir Passisto enterprise<\/a><\/div>\n<\/div>\n<\/div>\n<\/div>\n<\/div>\n\n\n\n<div class=\"wp-block-group is-vertical is-content-justification-center is-layout-flex wp-container-core-group-is-layout-4 wp-block-group-is-layout-flex\">\n<h1 class=\"wp-block-heading\"><strong>L&rsquo;\u00c9cosyst\u00e8me Passisto.<\/strong><\/h1>\n<\/div>\n\n\n\n<div class=\"wp-block-group is-layout-constrained wp-block-group-is-layout-constrained\">\n<div class=\"wp-block-columns is-layout-flex wp-container-core-columns-is-layout-6 wp-block-columns-is-layout-flex\">\n<div class=\"wp-block-column is-layout-flow wp-block-column-is-layout-flow\">\n<div class=\"wp-block-group is-vertical is-layout-flex wp-container-core-group-is-layout-5 wp-block-group-is-layout-flex\">\n<h3 class=\"wp-block-heading\"><strong>Passisto Online (Chatbot)<\/strong> : <\/h3>\n\n\n\n<p><strong>Solution imm\u00e9diate pour vos sites web.<\/strong> Int\u00e9grez un chatbot intelligent propuls\u00e9 par l&rsquo;IA pour am\u00e9liorer l&rsquo;engagement client et le support 24\/7.<\/p>\n\n\n\n<div class=\"wp-block-buttons is-layout-flex wp-block-buttons-is-layout-flex\">\n<div class=\"wp-block-button\"><a class=\"wp-block-button__link wp-element-button\" href=\"https:\/\/www.passisto.com\/fr\/passisto-online\">Decouvrir Passisto online<\/a><\/div>\n<\/div>\n<\/div>\n<\/div>\n\n\n\n<div class=\"wp-block-column is-layout-flow wp-block-column-is-layout-flow\">\n<h3 class=\"wp-block-heading\"><strong>Passisto Intranet (Coming Soon)<\/strong> : <\/h3>\n\n\n\n<p><strong>Bient\u00f4t disponible.<\/strong> Une solution pour la communication interne et la collaboration d&rsquo;\u00e9quipe.<\/p>\n<\/div>\n<\/div>\n<\/div>\n\n\n\n<div class=\"wp-block-group is-vertical is-layout-flex wp-container-core-group-is-layout-7 wp-block-group-is-layout-flex\">\n<h2 class=\"wp-block-heading has-text-align-center\"><strong>Pr\u00eat \u00e0 transformer votre SI ?<\/strong><\/h2>\n\n\n\n<p>R\u00e9servez votre d\u00e9monstration gratuite et personnalis\u00e9e pour voir Passisto Enterprise en action dans votre environnement.<\/p>\n\n\n\n<div class=\"wp-block-buttons is-layout-flex wp-block-buttons-is-layout-flex\">\n<div class=\"wp-block-button\"><a class=\"wp-block-button__link wp-element-button\" href=\"https:\/\/seffane.com\/nous-contactez\/\"><strong>R\u00e9server ma D\u00e9mo Passisto<\/strong><\/a><\/div>\n<\/div>\n<\/div>\n","protected":false},"excerpt":{"rendered":"<p>Passisto Enterprise : La Plateforme Ultime pour l&rsquo;Efficacit\u00e9 Num\u00e9rique. Unifiez votre Syst\u00e8me d&rsquo;Information (SI) et int\u00e9grez des outils IA puissants [&hellip;]<\/p>\n","protected":false},"author":1,"featured_media":0,"parent":0,"menu_order":0,"comment_status":"closed","ping_status":"closed","template":"","meta":{"_uag_custom_page_level_css":"","site-sidebar-layout":"default","site-content-layout":"","ast-site-content-layout":"default","site-content-style":"default","site-sidebar-style":"default","ast-global-header-display":"","ast-banner-title-visibility":"","ast-main-header-display":"","ast-hfb-above-header-display":"","ast-hfb-below-header-display":"","ast-hfb-mobile-header-display":"","site-post-title":"disabled","ast-breadcrumbs-content":"","ast-featured-img":"disabled","footer-sml-layout":"","theme-transparent-header-meta":"","adv-header-id-meta":"","stick-header-meta":"","header-above-stick-meta":"","header-main-stick-meta":"","header-below-stick-meta":"","astra-migrate-meta-layouts":"default","ast-page-background-enabled":"default","ast-page-background-meta":{"desktop":{"background-color":"var(--ast-global-color-5)","background-image":"","background-repeat":"repeat","background-position":"center center","background-size":"auto","background-attachment":"scroll","background-type":"","background-media":"","overlay-type":"","overlay-color":"","overlay-opacity":"","overlay-gradient":""},"tablet":{"background-color":"","background-image":"","background-repeat":"repeat","background-position":"center center","background-size":"auto","background-attachment":"scroll","background-type":"","background-media":"","overlay-type":"","overlay-color":"","overlay-opacity":"","overlay-gradient":""},"mobile":{"background-color":"","background-image":"","background-repeat":"repeat","background-position":"center center","background-size":"auto","background-attachment":"scroll","background-type":"","background-media":"","overlay-type":"","overlay-color":"","overlay-opacity":"","overlay-gradient":""}},"ast-content-background-meta":{"desktop":{"background-color":"var(--ast-global-color-4)","background-image":"","background-repeat":"repeat","background-position":"center center","background-size":"auto","background-attachment":"scroll","background-type":"","background-media":"","overlay-type":"","overlay-color":"","overlay-opacity":"","overlay-gradient":""},"tablet":{"background-color":"var(--ast-global-color-4)","background-image":"","background-repeat":"repeat","background-position":"center center","background-size":"auto","background-attachment":"scroll","background-type":"","background-media":"","overlay-type":"","overlay-color":"","overlay-opacity":"","overlay-gradient":""},"mobile":{"background-color":"var(--ast-global-color-4)","background-image":"","background-repeat":"repeat","background-position":"center center","background-size":"auto","background-attachment":"scroll","background-type":"","background-media":"","overlay-type":"","overlay-color":"","overlay-opacity":"","overlay-gradient":""}},"footnotes":""},"class_list":["post-697","page","type-page","status-publish","hentry"],"uagb_featured_image_src":{"full":false,"thumbnail":false,"medium":false,"medium_large":false,"large":false,"1536x1536":false,"2048x2048":false,"trp-custom-language-flag":false},"uagb_author_info":{"display_name":"seffane","author_link":"https:\/\/seffane.com\/fr\/author\/seffane\/"},"uagb_comment_info":0,"uagb_excerpt":"Passisto Enterprise : La Plateforme Ultime pour l&rsquo;Efficacit\u00e9 Num\u00e9rique. Unifiez votre Syst\u00e8me d&rsquo;Information (SI) et int\u00e9grez des outils IA puissants [&hellip;]","_links":{"self":[{"href":"https:\/\/seffane.com\/fr\/wp-json\/wp\/v2\/pages\/697"}],"collection":[{"href":"https:\/\/seffane.com\/fr\/wp-json\/wp\/v2\/pages"}],"about":[{"href":"https:\/\/seffane.com\/fr\/wp-json\/wp\/v2\/types\/page"}],"author":[{"embeddable":true,"href":"https:\/\/seffane.com\/fr\/wp-json\/wp\/v2\/users\/1"}],"replies":[{"embeddable":true,"href":"https:\/\/seffane.com\/fr\/wp-json\/wp\/v2\/comments?post=697"}],"version-history":[{"count":12,"href":"https:\/\/seffane.com\/fr\/wp-json\/wp\/v2\/pages\/697\/revisions"}],"predecessor-version":[{"id":879,"href":"https:\/\/seffane.com\/fr\/wp-json\/wp\/v2\/pages\/697\/revisions\/879"}],"wp:attachment":[{"href":"https:\/\/seffane.com\/fr\/wp-json\/wp\/v2\/media?parent=697"}],"curies":[{"name":"wp","href":"https:\/\/api.w.org\/{rel}","templated":true}]}}