{"id":524,"date":"2024-10-14T18:15:21","date_gmt":"2024-10-14T18:15:21","guid":{"rendered":"https:\/\/seffane.com\/home\/"},"modified":"2025-12-01T16:21:33","modified_gmt":"2025-12-01T16:21:33","slug":"home","status":"publish","type":"page","link":"https:\/\/seffane.com\/fr\/","title":{"rendered":""},"content":{"rendered":"\n<div class=\"wp-block-group alignwide is-layout-constrained wp-container-core-group-is-layout-2 wp-block-group-is-layout-constrained\">\n<h1 class=\"wp-block-heading alignfull has-text-align-center\"><strong>D\u00e9bloquez l&rsquo;efficacit\u00e9 : Partenaire AI Certifi\u00e9 pour l&rsquo;Entreprise.<\/strong><\/h1>\n\n\n\n<div class=\"wp-block-group is-layout-constrained wp-block-group-is-layout-constrained\">\n<p class=\"has-text-align-center\">Nous sommes votre partenaire pour une int\u00e9gration d&rsquo;Intelligence Artificielle r\u00e9ussie. De nos <strong>solutions logicielles pr\u00eates \u00e0 l&#8217;emploi<\/strong> \u00e0 l&rsquo;<strong>accompagnement strat\u00e9gique de projet<\/strong>, nous mettons l&rsquo;IA au service de votre transformation num\u00e9rique et de l&rsquo;optimisation de vos processus.<\/p>\n\n\n\n<div class=\"wp-block-buttons is-content-justification-center is-layout-flex wp-container-core-buttons-is-layout-1 wp-block-buttons-is-layout-flex\">\n<div class=\"wp-block-button\"><a class=\"wp-block-button__link wp-element-button\" href=\"http:\/\/www.passisto.com\/fr\">Explorez nos solution<\/a><\/div>\n\n\n\n<div class=\"wp-block-button\"><a class=\"wp-block-button__link wp-element-button\" href=\"https:\/\/seffane.com\/nous-contactez\/\">Reservez une consultation<\/a><\/div>\n<\/div>\n<\/div>\n<\/div>\n\n\n\n<div class=\"wp-block-group is-layout-constrained wp-block-group-is-layout-constrained\">\n<h2 class=\"wp-block-heading has-text-align-center\"><strong>Notre Cr\u00e9dibilit\u00e9 : Partenariat Salesforce &amp; Expertise Certifi\u00e9e.<\/strong><\/h2>\n\n\n\n<div class=\"wp-block-group is-layout-constrained wp-block-group-is-layout-constrained\">\n<figure class=\"wp-block-image aligncenter size-large is-resized\"><a href=\"https:\/\/seffane.com\/wp-content\/uploads\/2025\/11\/Design-sans-titre4.png\"><img fetchpriority=\"high\" decoding=\"async\" width=\"1200\" height=\"300\" src=\"https:\/\/seffane.com\/wp-content\/uploads\/2025\/11\/Design-sans-titre4-1200x300.png\" alt=\"\" class=\"wp-image-824\" style=\"width:608px;height:auto\" srcset=\"https:\/\/seffane.com\/wp-content\/uploads\/2025\/11\/Design-sans-titre4-1200x300.png 1200w, https:\/\/seffane.com\/wp-content\/uploads\/2025\/11\/Design-sans-titre4-480x120.png 480w, https:\/\/seffane.com\/wp-content\/uploads\/2025\/11\/Design-sans-titre4-768x192.png 768w, https:\/\/seffane.com\/wp-content\/uploads\/2025\/11\/Design-sans-titre4-1536x384.png 1536w, https:\/\/seffane.com\/wp-content\/uploads\/2025\/11\/Design-sans-titre4-18x5.png 18w, https:\/\/seffane.com\/wp-content\/uploads\/2025\/11\/Design-sans-titre4.png 1584w\" sizes=\"(max-width: 1200px) 100vw, 1200px\" \/><\/a><\/figure>\n<\/div>\n<\/div>\n\n\n\n<div class=\"wp-block-columns is-layout-flex wp-container-core-columns-is-layout-1 wp-block-columns-is-layout-flex\">\n<div class=\"wp-block-column is-layout-flow wp-block-column-is-layout-flow\">\n<p><\/p>\n\n\n\n<h2 class=\"wp-block-heading\"><strong>Hiring System : Recrutement Fini, Pertinent et Fiable.<\/strong><\/h2>\n\n\n\n<p>Notre processus d&rsquo;IA optimise le travail des RH du d\u00e9but \u00e0 la fin du recrutement. Il identifie les meilleurs candidats et augmente la fiabilit\u00e9 des embauches. <strong>La bonne personne, au bon poste.<\/strong><\/p>\n<\/div>\n\n\n\n<div class=\"wp-block-column is-layout-flow wp-block-column-is-layout-flow\">\n<figure class=\"wp-block-image aligncenter size-large is-resized\"><a href=\"https:\/\/seffane.com\/wp-content\/uploads\/2025\/11\/Hiring.png\"><img decoding=\"async\" width=\"1200\" height=\"634\" src=\"https:\/\/seffane.com\/wp-content\/uploads\/2025\/11\/Hiring-1200x634.png\" alt=\"\" class=\"wp-image-846\" style=\"width:512px;height:auto\" srcset=\"https:\/\/seffane.com\/wp-content\/uploads\/2025\/11\/Hiring-1200x634.png 1200w, https:\/\/seffane.com\/wp-content\/uploads\/2025\/11\/Hiring-480x254.png 480w, https:\/\/seffane.com\/wp-content\/uploads\/2025\/11\/Hiring-768x406.png 768w, https:\/\/seffane.com\/wp-content\/uploads\/2025\/11\/Hiring-1536x812.png 1536w, https:\/\/seffane.com\/wp-content\/uploads\/2025\/11\/Hiring-18x10.png 18w, https:\/\/seffane.com\/wp-content\/uploads\/2025\/11\/Hiring.png 1920w\" sizes=\"(max-width: 1200px) 100vw, 1200px\" \/><\/a><\/figure>\n<\/div>\n<\/div>\n\n\n\n<div class=\"wp-block-columns is-layout-flex wp-container-core-columns-is-layout-2 wp-block-columns-is-layout-flex\">\n<div class=\"wp-block-column is-vertically-aligned-center is-layout-flow wp-block-column-is-layout-flow\">\n<figure class=\"wp-block-image aligncenter size-full is-resized\"><a href=\"http:\/\/seffane.com\/wp-content\/uploads\/2025\/11\/partnerSalesforce-1.jpg\"><img decoding=\"async\" width=\"800\" height=\"533\" src=\"http:\/\/seffane.com\/wp-content\/uploads\/2025\/11\/partnerSalesforce-1.jpg\" alt=\"\" class=\"wp-image-827\" style=\"width:281px;height:auto\" srcset=\"https:\/\/seffane.com\/wp-content\/uploads\/2025\/11\/partnerSalesforce-1.jpg 800w, https:\/\/seffane.com\/wp-content\/uploads\/2025\/11\/partnerSalesforce-1-480x320.jpg 480w, https:\/\/seffane.com\/wp-content\/uploads\/2025\/11\/partnerSalesforce-1-768x512.jpg 768w, https:\/\/seffane.com\/wp-content\/uploads\/2025\/11\/partnerSalesforce-1-18x12.jpg 18w\" sizes=\"(max-width: 800px) 100vw, 800px\" \/><\/a><\/figure>\n<\/div>\n\n\n\n<div class=\"wp-block-column is-layout-flow wp-block-column-is-layout-flow\">\n<div class=\"wp-block-group is-vertical is-layout-flex wp-container-core-group-is-layout-5 wp-block-group-is-layout-flex\">\n<h2 class=\"wp-block-heading\"><strong>Partenaire Salesforce : Consulting et Int\u00e9gration AgentForce.<\/strong><\/h2>\n<\/div>\n\n\n\n<p>En tant que Partenaire Officiel, nous injectons l&rsquo;IA directement dans votre CRM. Notre consulting certifi\u00e9 am\u00e9liore l&rsquo;efficacit\u00e9 commerciale et la relation client.<\/p>\n<\/div>\n<\/div>\n\n\n\n<div class=\"wp-block-columns is-layout-flex wp-container-core-columns-is-layout-3 wp-block-columns-is-layout-flex\">\n<div class=\"wp-block-column is-layout-flow wp-block-column-is-layout-flow\">\n<div class=\"wp-block-group is-vertical is-layout-flex wp-container-core-group-is-layout-6 wp-block-group-is-layout-flex\">\n<h2 class=\"wp-block-heading\"><strong>AI Project Consulting : Du Management \u00e0 l&rsquo;Ex\u00e9cution.<\/strong><\/h2>\n\n\n\n<p>Nos experts certifi\u00e9s <strong>PMP et MSP<\/strong> prennent en charge l&rsquo;int\u00e9gralit\u00e9 de vos projets AI. Nous garantissons une gestion rigoureuse des d\u00e9lais, des budgets, et une ex\u00e9cution technique sans faille.<\/p>\n<\/div>\n<\/div>\n\n\n\n<div class=\"wp-block-column is-layout-flow wp-block-column-is-layout-flow\">\n<figure class=\"wp-block-image aligncenter size-large is-resized\"><a href=\"http:\/\/seffane.com\/wp-content\/uploads\/2015\/05\/blog5.jpg\"><img loading=\"lazy\" decoding=\"async\" width=\"1200\" height=\"700\" src=\"http:\/\/seffane.com\/wp-content\/uploads\/2015\/05\/blog5-1200x700.jpg\" alt=\"\" class=\"wp-image-99\" style=\"width:379px;height:auto\" srcset=\"https:\/\/seffane.com\/wp-content\/uploads\/2015\/05\/blog5.jpg 1200w, https:\/\/seffane.com\/wp-content\/uploads\/2015\/05\/blog5-480x280.jpg 480w, https:\/\/seffane.com\/wp-content\/uploads\/2015\/05\/blog5-463x270.jpg 463w, https:\/\/seffane.com\/wp-content\/uploads\/2015\/05\/blog5-780x455.jpg 780w, https:\/\/seffane.com\/wp-content\/uploads\/2015\/05\/blog5-753x439.jpg 753w, https:\/\/seffane.com\/wp-content\/uploads\/2015\/05\/blog5-1157x675.jpg 1157w, https:\/\/seffane.com\/wp-content\/uploads\/2015\/05\/blog5-880x513.jpg 880w\" sizes=\"(max-width: 1200px) 100vw, 1200px\" \/><\/a><\/figure>\n<\/div>\n<\/div>\n\n\n\n<div class=\"wp-block-columns is-layout-flex wp-container-core-columns-is-layout-4 wp-block-columns-is-layout-flex\">\n<div class=\"wp-block-column is-layout-flow wp-block-column-is-layout-flow\">\n<figure class=\"wp-block-image aligncenter size-full is-resized\"><a href=\"https:\/\/seffane.com\/wp-content\/uploads\/2025\/11\/Entreprise-1.png\"><img loading=\"lazy\" decoding=\"async\" width=\"1920\" height=\"1023\" src=\"https:\/\/seffane.com\/wp-content\/uploads\/2025\/11\/Entreprise-1.png\" alt=\"\" class=\"wp-image-845\" style=\"width:544px;height:auto\" srcset=\"https:\/\/seffane.com\/wp-content\/uploads\/2025\/11\/Entreprise-1.png 1920w, https:\/\/seffane.com\/wp-content\/uploads\/2025\/11\/Entreprise-1-480x256.png 480w, https:\/\/seffane.com\/wp-content\/uploads\/2025\/11\/Entreprise-1-1200x639.png 1200w, https:\/\/seffane.com\/wp-content\/uploads\/2025\/11\/Entreprise-1-768x409.png 768w, https:\/\/seffane.com\/wp-content\/uploads\/2025\/11\/Entreprise-1-1536x818.png 1536w, https:\/\/seffane.com\/wp-content\/uploads\/2025\/11\/Entreprise-1-18x10.png 18w\" sizes=\"(max-width: 1920px) 100vw, 1920px\" \/><\/a><\/figure>\n<\/div>\n\n\n\n<div class=\"wp-block-column is-layout-flow wp-block-column-is-layout-flow\">\n<div class=\"wp-block-group is-vertical is-layout-flex wp-container-core-group-is-layout-7 wp-block-group-is-layout-flex\">\n<p><\/p>\n\n\n\n<h2 class=\"wp-block-heading\">Passisto Enterprise : La Centralisation de votre SI.<\/h2>\n\n\n\n<p>Plateforme pr\u00eate-\u00e0-utiliser qui unifie et centralise l&rsquo;acc\u00e8s \u00e0 l&rsquo;information de votre Syst\u00e8me d&rsquo;Information (SI). <strong>Une vision unique pour des d\u00e9cisions plus rapides.<\/strong><\/p>\n<\/div>\n<\/div>\n<\/div>\n\n\n\n<div class=\"wp-block-group is-vertical is-layout-flex wp-container-core-group-is-layout-9 wp-block-group-is-layout-flex\">\n<h2 class=\"wp-block-heading\">Nos partenaires:<\/h2>\n\n\n\n<div class=\"wp-block-group is-content-justification-center is-nowrap is-layout-flex wp-container-core-group-is-layout-8 wp-block-group-is-layout-flex\">\n<figure class=\"wp-block-image size-full is-resized\"><a href=\"http:\/\/seffane.com\/wp-content\/uploads\/2025\/11\/partnerSalesforce-1.jpg\"><img loading=\"lazy\" decoding=\"async\" width=\"800\" height=\"533\" src=\"http:\/\/seffane.com\/wp-content\/uploads\/2025\/11\/partnerSalesforce-1.jpg\" alt=\"\" class=\"wp-image-827\" style=\"width:152px;height:auto\" srcset=\"https:\/\/seffane.com\/wp-content\/uploads\/2025\/11\/partnerSalesforce-1.jpg 800w, https:\/\/seffane.com\/wp-content\/uploads\/2025\/11\/partnerSalesforce-1-480x320.jpg 480w, https:\/\/seffane.com\/wp-content\/uploads\/2025\/11\/partnerSalesforce-1-768x512.jpg 768w, https:\/\/seffane.com\/wp-content\/uploads\/2025\/11\/partnerSalesforce-1-18x12.jpg 18w\" sizes=\"(max-width: 800px) 100vw, 800px\" \/><\/a><\/figure>\n\n\n\n<figure class=\"wp-block-image size-large is-resized\"><a href=\"https:\/\/seffane.com\/wp-content\/uploads\/2025\/12\/Microsoft-Azure-logo-scaled.jpg\"><img loading=\"lazy\" decoding=\"async\" width=\"1200\" height=\"675\" src=\"https:\/\/seffane.com\/wp-content\/uploads\/2025\/12\/Microsoft-Azure-logo-1200x675.jpg\" alt=\"\" class=\"wp-image-1003\" style=\"width:176px;height:auto\" srcset=\"https:\/\/seffane.com\/wp-content\/uploads\/2025\/12\/Microsoft-Azure-logo-1200x675.jpg 1200w, https:\/\/seffane.com\/wp-content\/uploads\/2025\/12\/Microsoft-Azure-logo-480x270.jpg 480w, https:\/\/seffane.com\/wp-content\/uploads\/2025\/12\/Microsoft-Azure-logo-768x432.jpg 768w, https:\/\/seffane.com\/wp-content\/uploads\/2025\/12\/Microsoft-Azure-logo-1536x864.jpg 1536w, https:\/\/seffane.com\/wp-content\/uploads\/2025\/12\/Microsoft-Azure-logo-2048x1152.jpg 2048w, https:\/\/seffane.com\/wp-content\/uploads\/2025\/12\/Microsoft-Azure-logo-18x10.jpg 18w\" sizes=\"(max-width: 1200px) 100vw, 1200px\" \/><\/a><\/figure>\n\n\n\n<figure class=\"wp-block-image size-full is-resized\"><a href=\"http:\/\/seffane.com\/wp-content\/uploads\/2025\/12\/ovh.png\"><img loading=\"lazy\" decoding=\"async\" width=\"268\" height=\"148\" src=\"http:\/\/seffane.com\/wp-content\/uploads\/2025\/12\/ovh.png\" alt=\"\" class=\"wp-image-1001\" style=\"width:181px;height:auto\" srcset=\"https:\/\/seffane.com\/wp-content\/uploads\/2025\/12\/ovh.png 268w, https:\/\/seffane.com\/wp-content\/uploads\/2025\/12\/ovh-18x10.png 18w\" sizes=\"(max-width: 268px) 100vw, 268px\" \/><\/a><\/figure>\n\n\n\n<figure class=\"wp-block-image size-full is-resized\"><a href=\"http:\/\/seffane.com\/wp-content\/uploads\/2025\/12\/imagesdd.png\"><img loading=\"lazy\" decoding=\"async\" width=\"274\" height=\"184\" src=\"http:\/\/seffane.com\/wp-content\/uploads\/2025\/12\/imagesdd.png\" alt=\"\" class=\"wp-image-1000\" style=\"width:138px;height:auto\" srcset=\"https:\/\/seffane.com\/wp-content\/uploads\/2025\/12\/imagesdd.png 274w, https:\/\/seffane.com\/wp-content\/uploads\/2025\/12\/imagesdd-18x12.png 18w\" sizes=\"(max-width: 274px) 100vw, 274px\" \/><\/a><\/figure>\n\n\n\n<figure class=\"wp-block-image size-full is-resized\"><a href=\"https:\/\/seffane.com\/wp-content\/uploads\/2025\/12\/Logo_HRFlow_Large.webp\"><img loading=\"lazy\" decoding=\"async\" width=\"400\" height=\"200\" src=\"https:\/\/seffane.com\/wp-content\/uploads\/2025\/12\/Logo_HRFlow_Large.webp\" alt=\"\" class=\"wp-image-1004\" style=\"width:226px;height:auto\" srcset=\"https:\/\/seffane.com\/wp-content\/uploads\/2025\/12\/Logo_HRFlow_Large.webp 400w, https:\/\/seffane.com\/wp-content\/uploads\/2025\/12\/Logo_HRFlow_Large-18x9.webp 18w\" sizes=\"(max-width: 400px) 100vw, 400px\" \/><\/a><\/figure>\n<\/div>\n<\/div>\n","protected":false},"excerpt":{"rendered":"<p>D\u00e9bloquez l&rsquo;efficacit\u00e9 : Partenaire AI Certifi\u00e9 pour l&rsquo;Entreprise. Nous sommes votre partenaire pour une int\u00e9gration d&rsquo;Intelligence Artificielle r\u00e9ussie. De nos [&hellip;]<\/p>\n","protected":false},"author":1,"featured_media":0,"parent":0,"menu_order":0,"comment_status":"closed","ping_status":"closed","template":"","meta":{"_uag_custom_page_level_css":"","site-sidebar-layout":"default","site-content-layout":"","ast-site-content-layout":"default","site-content-style":"default","site-sidebar-style":"default","ast-global-header-display":"","ast-banner-title-visibility":"","ast-main-header-display":"","ast-hfb-above-header-display":"","ast-hfb-below-header-display":"","ast-hfb-mobile-header-display":"","site-post-title":"","ast-breadcrumbs-content":"","ast-featured-img":"","footer-sml-layout":"","theme-transparent-header-meta":"","adv-header-id-meta":"","stick-header-meta":"","header-above-stick-meta":"","header-main-stick-meta":"","header-below-stick-meta":"","astra-migrate-meta-layouts":"default","ast-page-background-enabled":"default","ast-page-background-meta":{"desktop":{"background-color":"var(--ast-global-color-5)","background-image":"","background-repeat":"repeat","background-position":"center center","background-size":"auto","background-attachment":"scroll","background-type":"","background-media":"","overlay-type":"","overlay-color":"","overlay-opacity":"","overlay-gradient":""},"tablet":{"background-color":"","background-image":"","background-repeat":"repeat","background-position":"center center","background-size":"auto","background-attachment":"scroll","background-type":"","background-media":"","overlay-type":"","overlay-color":"","overlay-opacity":"","overlay-gradient":""},"mobile":{"background-color":"","background-image":"","background-repeat":"repeat","background-position":"center center","background-size":"auto","background-attachment":"scroll","background-type":"","background-media":"","overlay-type":"","overlay-color":"","overlay-opacity":"","overlay-gradient":""}},"ast-content-background-meta":{"desktop":{"background-color":"var(--ast-global-color-4)","background-image":"","background-repeat":"repeat","background-position":"center center","background-size":"auto","background-attachment":"scroll","background-type":"","background-media":"","overlay-type":"","overlay-color":"","overlay-opacity":"","overlay-gradient":""},"tablet":{"background-color":"var(--ast-global-color-4)","background-image":"","background-repeat":"repeat","background-position":"center center","background-size":"auto","background-attachment":"scroll","background-type":"","background-media":"","overlay-type":"","overlay-color":"","overlay-opacity":"","overlay-gradient":""},"mobile":{"background-color":"var(--ast-global-color-4)","background-image":"","background-repeat":"repeat","background-position":"center center","background-size":"auto","background-attachment":"scroll","background-type":"","background-media":"","overlay-type":"","overlay-color":"","overlay-opacity":"","overlay-gradient":""}},"footnotes":""},"class_list":["post-524","page","type-page","status-publish","hentry"],"uagb_featured_image_src":{"full":false,"thumbnail":false,"medium":false,"medium_large":false,"large":false,"1536x1536":false,"2048x2048":false,"trp-custom-language-flag":false},"uagb_author_info":{"display_name":"seffane","author_link":"https:\/\/seffane.com\/fr\/author\/seffane\/"},"uagb_comment_info":0,"uagb_excerpt":"D\u00e9bloquez l&rsquo;efficacit\u00e9 : Partenaire AI Certifi\u00e9 pour l&rsquo;Entreprise. Nous sommes votre partenaire pour une int\u00e9gration d&rsquo;Intelligence Artificielle r\u00e9ussie. De nos [&hellip;]","_links":{"self":[{"href":"https:\/\/seffane.com\/fr\/wp-json\/wp\/v2\/pages\/524"}],"collection":[{"href":"https:\/\/seffane.com\/fr\/wp-json\/wp\/v2\/pages"}],"about":[{"href":"https:\/\/seffane.com\/fr\/wp-json\/wp\/v2\/types\/page"}],"author":[{"embeddable":true,"href":"https:\/\/seffane.com\/fr\/wp-json\/wp\/v2\/users\/1"}],"replies":[{"embeddable":true,"href":"https:\/\/seffane.com\/fr\/wp-json\/wp\/v2\/comments?post=524"}],"version-history":[{"count":15,"href":"https:\/\/seffane.com\/fr\/wp-json\/wp\/v2\/pages\/524\/revisions"}],"predecessor-version":[{"id":1005,"href":"https:\/\/seffane.com\/fr\/wp-json\/wp\/v2\/pages\/524\/revisions\/1005"}],"wp:attachment":[{"href":"https:\/\/seffane.com\/fr\/wp-json\/wp\/v2\/media?parent=524"}],"curies":[{"name":"wp","href":"https:\/\/api.w.org\/{rel}","templated":true}]}}